{"id":11,"date":"2023-01-07T23:02:09","date_gmt":"2023-01-07T23:02:09","guid":{"rendered":"https:\/\/evenement.nc\/integration_bts_sio_2024\/?page_id=11"},"modified":"2023-03-21T23:03:17","modified_gmt":"2023-03-21T23:03:17","slug":"accueil","status":"publish","type":"page","link":"https:\/\/evenement.nc\/btssio\/","title":{"rendered":"Accueil"},"content":{"rendered":"\t\t<div data-elementor-type=\"wp-page\" data-elementor-id=\"11\" class=\"elementor elementor-11\" data-elementor-post-type=\"page\">\n\t\t\t\t\t\t<section class=\"elementor-section elementor-top-section elementor-element elementor-element-928ab41 elementor-section-full_width elementor-section-height-min-height elementor-section-height-default elementor-section-items-middle\" data-id=\"928ab41\" data-element_type=\"section\" data-e-type=\"section\" data-settings=\"{&quot;background_background&quot;:&quot;classic&quot;,&quot;jet_parallax_layout_list&quot;:[]}\">\n\t\t\t\t\t\t\t<div class=\"elementor-background-overlay\"><\/div>\n\t\t\t\t\t\t\t<div class=\"elementor-container elementor-column-gap-default\">\n\t\t\t\t\t<div class=\"elementor-column elementor-col-100 elementor-top-column elementor-element elementor-element-fa395ef\" data-id=\"fa395ef\" data-element_type=\"column\" data-e-type=\"column\">\n\t\t\t<div class=\"elementor-widget-wrap elementor-element-populated\">\n\t\t\t\t\t\t<div class=\"elementor-element elementor-element-719675f elementor-widget__width-inherit elementor-widget elementor-widget-html\" data-id=\"719675f\" data-element_type=\"widget\" data-e-type=\"widget\" data-widget_type=\"html.default\">\n\t\t\t\t<div class=\"elementor-widget-container\">\n\t\t\t\t\t<!DOCTYPE html>\r\n<html>\r\n<head>\r\n  <title>Bienvenue<\/title>\r\n  <style>\r\n    \/* Ajoutez votre style CSS ici *\/\r\n    body {\r\n      text-align: center;\r\n      font-family: roboto;\r\n    }\r\n    h1 {\r\n      color: white;\r\n      font-size: 3em;\r\n    }\r\n    p{\r\n        font-size: 1.1em;\r\n        color: white;\r\n    }\r\n  <\/style>\r\n<\/head>\r\n<body>\r\n  <h1>INTEGRATION BTS SIO 2023 <\/h1>\r\n  <p>Journ\u00e9e d'int\u00e9gration samedi 15 Avril 2023  de 8h \u00e0 16h au Centre Kiwanis de la Ouenghi<\/p>\r\n<\/body>\r\n<\/html>\t\t\t\t<\/div>\n\t\t\t\t<\/div>\n\t\t\t\t\t<\/div>\n\t\t<\/div>\n\t\t\t\t\t<\/div>\n\t\t<\/section>\n\t\t\t\t<section class=\"elementor-section elementor-top-section elementor-element elementor-element-4ab216f elementor-section-full_width elementor-section-content-middle elementor-section-height-default elementor-section-height-default\" data-id=\"4ab216f\" data-element_type=\"section\" data-e-type=\"section\" data-settings=\"{&quot;jet_parallax_layout_list&quot;:[]}\">\n\t\t\t\t\t\t<div class=\"elementor-container elementor-column-gap-no\">\n\t\t\t\t\t<div class=\"elementor-column elementor-col-50 elementor-top-column elementor-element elementor-element-0f0a49d\" data-id=\"0f0a49d\" data-element_type=\"column\" data-e-type=\"column\">\n\t\t\t<div class=\"elementor-widget-wrap elementor-element-populated\">\n\t\t\t\t\t\t<div class=\"elementor-element elementor-element-cd2dbd4 elementor-widget__width-auto elementor-widget elementor-widget-code-highlight\" data-id=\"cd2dbd4\" data-element_type=\"widget\" data-e-type=\"widget\" data-widget_type=\"code-highlight.default\">\n\t\t\t\t<div class=\"elementor-widget-container\">\n\t\t\t\t\t\t\t<div class=\"prismjs-tomorrow  \">\n\t\t\t<pre data-line=\"\" class=\"highlight-height language-html \">\n\t\t\t\t<code readonly=\"true\" class=\"language-html\">\n\t\t\t\t\t<xmp><!DOCTYPE html>\r\n<html>\r\n<head>\r\n  <title>Bienvenue<\/title>\r\n\r\n<\/head>\r\n<body>\r\n  <h1>INTEGRATION BTS SIO 2024 <\/h1>\r\n  <p>Journ\u00e9e d'int\u00e9gration samedi 15 Avril 2023 de 8h \u00e0 16h au Centre Kiwanis de la Ouenghi<\/p>\r\n<\/body>\r\n<\/html><\/xmp>\n\t\t\t\t<\/code>\n\t\t\t<\/pre>\n\t\t<\/div>\n\t\t\t\t\t\t<\/div>\n\t\t\t\t<\/div>\n\t\t\t\t\t<\/div>\n\t\t<\/div>\n\t\t\t\t<div class=\"elementor-column elementor-col-50 elementor-top-column elementor-element elementor-element-ed3454d\" data-id=\"ed3454d\" data-element_type=\"column\" data-e-type=\"column\">\n\t\t\t<div class=\"elementor-widget-wrap elementor-element-populated\">\n\t\t\t\t\t\t<div class=\"elementor-element elementor-element-5feb024 elementor-widget__width-auto elementor-widget elementor-widget-code-highlight\" data-id=\"5feb024\" data-element_type=\"widget\" data-e-type=\"widget\" data-widget_type=\"code-highlight.default\">\n\t\t\t\t<div class=\"elementor-widget-container\">\n\t\t\t\t\t\t\t<div class=\"prismjs-tomorrow  \">\n\t\t\t<pre data-line=\"\" class=\"highlight-height language-css \">\n\t\t\t\t<code readonly=\"true\" class=\"language-css\">\n\t\t\t\t\t<xmp> body {\r\n      text-align: center;\r\n      font-family: roboto;\r\n    }\r\n    h1 {\r\n      color: white;\r\n      font-size: 3em;\r\n    }\r\n    p{\r\n        font-size: 1.1em;\r\n        color: white;\r\n    }<\/xmp>\n\t\t\t\t<\/code>\n\t\t\t<\/pre>\n\t\t<\/div>\n\t\t\t\t\t\t<\/div>\n\t\t\t\t<\/div>\n\t\t\t\t\t<\/div>\n\t\t<\/div>\n\t\t\t\t\t<\/div>\n\t\t<\/section>\n\t\t\t\t<section class=\"elementor-section elementor-top-section elementor-element elementor-element-42063bb elementor-section-boxed elementor-section-height-default elementor-section-height-default\" data-id=\"42063bb\" data-element_type=\"section\" data-e-type=\"section\" data-settings=\"{&quot;jet_parallax_layout_list&quot;:[]}\">\n\t\t\t\t\t\t<div class=\"elementor-container elementor-column-gap-default\">\n\t\t\t\t\t<div class=\"elementor-column elementor-col-100 elementor-top-column elementor-element elementor-element-82599d3\" data-id=\"82599d3\" data-element_type=\"column\" data-e-type=\"column\">\n\t\t\t<div class=\"elementor-widget-wrap elementor-element-populated\">\n\t\t\t\t\t\t<div class=\"elementor-element elementor-element-38e8578 elementor-widget elementor-widget-jet-animated-text\" data-id=\"38e8578\" data-element_type=\"widget\" data-e-type=\"widget\" data-widget_type=\"jet-animated-text.default\">\n\t\t\t\t<div class=\"elementor-widget-container\">\n\t\t\t\t\t<div class=\"elementor-jet-animated-text jet-elements\">\n<div class=\"jet-animated-text jet-animated-text--effect-fx3\" data-settings='{\"effect\":\"fx3\",\"delay\":3000}'>\n\t\t<div class=\"jet-animated-text__animated-text\">\n<div class=\"jet-animated-text__animated-text-item active visible\" dir=\"ltr\">\n\t<span>Bienvenue<\/span>&nbsp;<span>premi\u00e8re<\/span>&nbsp;<span>ann\u00e9e<\/span>&nbsp;<span>\ud83d\ude0a<\/span><\/div>\n<div class=\"jet-animated-text__animated-text-item\" dir=\"ltr\">\n\t<span>Bienvenue<\/span>&nbsp;<span>premi\u00e8re<\/span>&nbsp;<span>ann\u00e9e<\/span>&nbsp;<span>\ud83d\ude0a<\/span><\/div>\n<div class=\"jet-animated-text__animated-text-item\" dir=\"ltr\">\n\t<span>Bienvenue<\/span>&nbsp;<span>premi\u00e8re<\/span>&nbsp;<span>ann\u00e9e<\/span>&nbsp;<span>\ud83d\ude0a<\/span><\/div>\n<div class=\"jet-animated-text__animated-text-item\" dir=\"ltr\">\n\t<span>Bienvenue<\/span>&nbsp;<span>premi\u00e8re<\/span>&nbsp;<span>ann\u00e9e<\/span>&nbsp;<span>\ud83d\ude0a<\/span><\/div>\n<\/div>\t<\/div><\/div>\t\t\t\t<\/div>\n\t\t\t\t<\/div>\n\t\t\t\t<div class=\"elementor-element elementor-element-a0f850b elementor-widget elementor-widget-heading\" data-id=\"a0f850b\" data-element_type=\"widget\" data-e-type=\"widget\" data-widget_type=\"heading.default\">\n\t\t\t\t<div class=\"elementor-widget-container\">\n\t\t\t\t\t<h2 class=\"elementor-heading-title elementor-size-default\"><a href=\"http:\/\/bastian.cazaux.nc\/anniversaire\" target=\"_blank\">Microsoft Windows [version 10.0.19045.2364] <br>\n(c) Microsoft Corporation. Tous droits r\u00e9serv\u00e9s.\n<br><br>\nC:\\Users\\SIO&gt;\n<br><br>\nVos deuxi\u00e8mes ann\u00e9es pr\u00e9f\u00e9r\u00e9s ont organis\u00e9 une journ\u00e9e d'int\u00e9gration pour se rencontrer \u2757\u2757\n<br><br>\n\u26a0\ufe0f INFO PRINCIPALE \u26a0\ufe0f <br><br>\nheure d\u00e9but = 8h00 \ud83d\udd57<br>\nheure fin = 16h00 \ud83d\udd53<br>\njour = samedi 15 \ud83c\udf89<br>\nmois = avril \ud83d\udc1f<br>\nann\u00e9es = 2\ufe0f\u20e30\ufe0f\u20e32\ufe0f\u20e33\ufe0f\u20e3<br>\nlieu = Centre Kiwanis de la Ouenghi \ud83c\udf33<br>\n<br>\n\u26a0\ufe0f Planning de la journ\u00e9e \u26a0\ufe0f\n<br><br>\nPlusieurs activit\u00e9s seront organis\u00e9es durant la matin\u00e9e, faites nous confiance on va bien s'amuser \ud83d\udd25<br>\nPr\u00e9voyez des v\u00eatements \u00e0 usage unique qui peuvent \u00eatre tach\u00e9s \ud83d\udc55\n<br><br>\nNous avons pr\u00e9vu un d\u00e9licieux pique-nique pour le d\u00e9jeuner ! <br>Au menu, des sandwiches qui r\u00e9galeront vos papilles \ud83e\udd6a\n<br><br>\nPour bien dig\u00e9rer, nous vous proposons de passer un apr\u00e8s-midi tranquille et relaxant \ud83c\udfdd\ufe0f\n<br><br>\n\u26a0\ufe0f L'heure de l'ap\u00e9ro approche  \u26a0\ufe0f<br><br> Pour conclure en beaut\u00e9 cette journ\u00e9e, rien de tel qu'une soir\u00e9e \ud83e\udd73<br>Sept anniversaires seront c\u00e9l\u00e9br\u00e9s, et vous \u00eates invit\u00e9(e) \ud83d\udc8c <br> Toutes les informations relatives \u00e0 la soir\u00e9e sont disponibles \n<mark>ICI<mark>\n\n\n\n<\/a><\/h2>\t\t\t\t<\/div>\n\t\t\t\t<\/div>\n\t\t\t\t\t<\/div>\n\t\t<\/div>\n\t\t\t\t\t<\/div>\n\t\t<\/section>\n\t\t\t\t<section class=\"elementor-section elementor-top-section elementor-element elementor-element-46de05c elementor-section-boxed elementor-section-height-default elementor-section-height-default\" data-id=\"46de05c\" data-element_type=\"section\" data-e-type=\"section\" data-settings=\"{&quot;jet_parallax_layout_list&quot;:[]}\">\n\t\t\t\t\t\t<div class=\"elementor-container elementor-column-gap-default\">\n\t\t\t\t\t<div class=\"elementor-column elementor-col-100 elementor-top-column elementor-element elementor-element-65ee0bc\" data-id=\"65ee0bc\" data-element_type=\"column\" data-e-type=\"column\">\n\t\t\t<div class=\"elementor-widget-wrap elementor-element-populated\">\n\t\t\t\t\t\t<div class=\"elementor-element elementor-element-43247c2 elementor-widget elementor-widget-jet-animated-text\" data-id=\"43247c2\" data-element_type=\"widget\" data-e-type=\"widget\" data-widget_type=\"jet-animated-text.default\">\n\t\t\t\t<div class=\"elementor-widget-container\">\n\t\t\t\t\t<div class=\"elementor-jet-animated-text jet-elements\">\n<div class=\"jet-animated-text jet-animated-text--effect-fx3\" data-settings='{\"effect\":\"fx3\",\"delay\":3000}'>\n\t\t<div class=\"jet-animated-text__animated-text\">\n<div class=\"jet-animated-text__animated-text-item active visible\" dir=\"ltr\">\n\t<span>\u26a0\ufe0f<\/span>&nbsp;<span>Important<\/span>&nbsp;<span>\u26a0\ufe0f<\/span><\/div>\n<div class=\"jet-animated-text__animated-text-item\" dir=\"ltr\">\n\t<span>\u26a0\ufe0f<\/span>&nbsp;<span>Important<\/span>&nbsp;<span>\u26a0\ufe0f<\/span><\/div>\n<div class=\"jet-animated-text__animated-text-item\" dir=\"ltr\">\n\t<span>\u26a0\ufe0f<\/span>&nbsp;<span>Important<\/span>&nbsp;<span>\u26a0\ufe0f<\/span><\/div>\n<div class=\"jet-animated-text__animated-text-item\" dir=\"ltr\">\n\t<span>\u26a0\ufe0f<\/span>&nbsp;<span>Important<\/span>&nbsp;<span>\u26a0\ufe0f<\/span><\/div>\n<\/div>\t<\/div><\/div>\t\t\t\t<\/div>\n\t\t\t\t<\/div>\n\t\t\t\t\t<\/div>\n\t\t<\/div>\n\t\t\t\t\t<\/div>\n\t\t<\/section>\n\t\t\t\t<section class=\"elementor-section elementor-top-section elementor-element elementor-element-6078324 elementor-section-boxed elementor-section-height-default elementor-section-height-default\" data-id=\"6078324\" data-element_type=\"section\" data-e-type=\"section\" data-settings=\"{&quot;jet_parallax_layout_list&quot;:[]}\">\n\t\t\t\t\t\t<div class=\"elementor-container elementor-column-gap-default\">\n\t\t\t\t\t<div class=\"elementor-column elementor-col-33 elementor-top-column elementor-element elementor-element-413600f\" data-id=\"413600f\" data-element_type=\"column\" data-e-type=\"column\">\n\t\t\t<div class=\"elementor-widget-wrap elementor-element-populated\">\n\t\t\t\t\t\t<div class=\"elementor-element elementor-element-e9e9ba4 e-transform elementor-widget elementor-widget-image\" data-id=\"e9e9ba4\" data-element_type=\"widget\" data-e-type=\"widget\" data-settings=\"{&quot;_transform_rotateZ_effect_hover&quot;:{&quot;unit&quot;:&quot;px&quot;,&quot;size&quot;:10,&quot;sizes&quot;:[]},&quot;_transform_rotateZ_effect_hover_tablet&quot;:{&quot;unit&quot;:&quot;deg&quot;,&quot;size&quot;:&quot;&quot;,&quot;sizes&quot;:[]},&quot;_transform_rotateZ_effect_hover_mobile&quot;:{&quot;unit&quot;:&quot;deg&quot;,&quot;size&quot;:&quot;&quot;,&quot;sizes&quot;:[]}}\" data-widget_type=\"image.default\">\n\t\t\t\t<div class=\"elementor-widget-container\">\n\t\t\t\t\t\t\t\t\t\t\t\t\t\t\t<img fetchpriority=\"high\" decoding=\"async\" width=\"1280\" height=\"671\" src=\"https:\/\/evenement.nc\/btssio\/wp-content\/uploads\/2023\/01\/5f4e9b5e18cab5.55331769-original.jpg\" class=\"attachment-full size-full wp-image-296\" alt=\"\" srcset=\"https:\/\/evenement.nc\/btssio\/wp-content\/uploads\/2023\/01\/5f4e9b5e18cab5.55331769-original.jpg 1280w, https:\/\/evenement.nc\/btssio\/wp-content\/uploads\/2023\/01\/5f4e9b5e18cab5.55331769-original-300x157.jpg 300w, https:\/\/evenement.nc\/btssio\/wp-content\/uploads\/2023\/01\/5f4e9b5e18cab5.55331769-original-1024x537.jpg 1024w, https:\/\/evenement.nc\/btssio\/wp-content\/uploads\/2023\/01\/5f4e9b5e18cab5.55331769-original-768x403.jpg 768w\" sizes=\"(max-width: 1280px) 100vw, 1280px\" \/>\t\t\t\t\t\t\t\t\t\t\t\t\t\t\t<\/div>\n\t\t\t\t<\/div>\n\t\t\t\t<div class=\"elementor-element elementor-element-89190d1 elementor-view-default elementor-widget elementor-widget-icon\" data-id=\"89190d1\" data-element_type=\"widget\" data-e-type=\"widget\" data-widget_type=\"icon.default\">\n\t\t\t\t<div class=\"elementor-widget-container\">\n\t\t\t\t\t\t\t<div class=\"elementor-icon-wrapper\">\n\t\t\t<div class=\"elementor-icon\">\n\t\t\t<i aria-hidden=\"true\" class=\"fas fa-plus\"><\/i>\t\t\t<\/div>\n\t\t<\/div>\n\t\t\t\t\t\t<\/div>\n\t\t\t\t<\/div>\n\t\t\t\t<div class=\"elementor-element elementor-element-71e7cc6 e-transform elementor-widget elementor-widget-image\" data-id=\"71e7cc6\" data-element_type=\"widget\" data-e-type=\"widget\" data-settings=\"{&quot;_transform_rotateZ_effect_hover&quot;:{&quot;unit&quot;:&quot;px&quot;,&quot;size&quot;:10,&quot;sizes&quot;:[]},&quot;_transform_rotateZ_effect_hover_mobile&quot;:{&quot;unit&quot;:&quot;deg&quot;,&quot;size&quot;:-10,&quot;sizes&quot;:[]},&quot;_transform_rotateZ_effect_hover_tablet&quot;:{&quot;unit&quot;:&quot;deg&quot;,&quot;size&quot;:&quot;&quot;,&quot;sizes&quot;:[]}}\" data-widget_type=\"image.default\">\n\t\t\t\t<div class=\"elementor-widget-container\">\n\t\t\t\t\t\t\t\t\t\t\t\t\t\t\t<img decoding=\"async\" width=\"301\" height=\"167\" src=\"https:\/\/evenement.nc\/btssio\/wp-content\/uploads\/2023\/02\/telechargement.jpg\" class=\"attachment-full size-full wp-image-629\" alt=\"\" \/>\t\t\t\t\t\t\t\t\t\t\t\t\t\t\t<\/div>\n\t\t\t\t<\/div>\n\t\t\t\t\t<\/div>\n\t\t<\/div>\n\t\t\t\t<div class=\"elementor-column elementor-col-66 elementor-top-column elementor-element elementor-element-d17775a animated-slow elementor-invisible\" data-id=\"d17775a\" data-element_type=\"column\" data-e-type=\"column\" data-settings=\"{&quot;background_background&quot;:&quot;classic&quot;,&quot;animation&quot;:&quot;slideInRight&quot;,&quot;animation_mobile&quot;:&quot;fadeIn&quot;}\">\n\t\t\t<div class=\"elementor-widget-wrap elementor-element-populated\">\n\t\t\t\t\t\t<div class=\"elementor-element elementor-element-3d96a96 elementor-widget elementor-widget-heading\" data-id=\"3d96a96\" data-element_type=\"widget\" data-e-type=\"widget\" data-settings=\"{&quot;_animation_mobile&quot;:&quot;none&quot;}\" data-widget_type=\"heading.default\">\n\t\t\t\t<div class=\"elementor-widget-container\">\n\t\t\t\t\t<h2 class=\"elementor-heading-title elementor-size-default\">Participation \ud83d\udcb5<br><br>\nPour organiser cet \u00e9v\u00e9nement, il est \u00e9vident qu'il y aura des co\u00fbts \u00e0 pr\u00e9voir. Malheureusement, nous ne disposons pas d'un budget illimit\u00e9 pour tout financer nous-m\u00eames. Nous vous demandons donc de participer en contribuant \u00e0 hauteur de 1500 francs.<\/h2>\t\t\t\t<\/div>\n\t\t\t\t<\/div>\n\t\t\t\t\t<\/div>\n\t\t<\/div>\n\t\t\t\t\t<\/div>\n\t\t<\/section>\n\t\t\t\t<section class=\"elementor-section elementor-top-section elementor-element elementor-element-2d90847 elementor-section-boxed elementor-section-height-default elementor-section-height-default\" data-id=\"2d90847\" data-element_type=\"section\" data-e-type=\"section\" data-settings=\"{&quot;jet_parallax_layout_list&quot;:[]}\">\n\t\t\t\t\t\t<div class=\"elementor-container elementor-column-gap-default\">\n\t\t\t\t\t<div class=\"elementor-column elementor-col-33 elementor-top-column elementor-element elementor-element-14f3d32\" data-id=\"14f3d32\" data-element_type=\"column\" data-e-type=\"column\">\n\t\t\t<div class=\"elementor-widget-wrap elementor-element-populated\">\n\t\t\t\t\t\t<div class=\"elementor-element elementor-element-a213e73 e-transform elementor-widget elementor-widget-image\" data-id=\"a213e73\" data-element_type=\"widget\" data-e-type=\"widget\" data-settings=\"{&quot;_transform_translateX_effect_hover&quot;:{&quot;unit&quot;:&quot;px&quot;,&quot;size&quot;:-10,&quot;sizes&quot;:[]},&quot;_transform_translateY_effect_hover&quot;:{&quot;unit&quot;:&quot;px&quot;,&quot;size&quot;:10,&quot;sizes&quot;:[]},&quot;_transform_translateX_effect_hover_tablet&quot;:{&quot;unit&quot;:&quot;px&quot;,&quot;size&quot;:&quot;&quot;,&quot;sizes&quot;:[]},&quot;_transform_translateX_effect_hover_mobile&quot;:{&quot;unit&quot;:&quot;px&quot;,&quot;size&quot;:&quot;&quot;,&quot;sizes&quot;:[]},&quot;_transform_translateY_effect_hover_tablet&quot;:{&quot;unit&quot;:&quot;px&quot;,&quot;size&quot;:&quot;&quot;,&quot;sizes&quot;:[]},&quot;_transform_translateY_effect_hover_mobile&quot;:{&quot;unit&quot;:&quot;px&quot;,&quot;size&quot;:&quot;&quot;,&quot;sizes&quot;:[]}}\" data-widget_type=\"image.default\">\n\t\t\t\t<div class=\"elementor-widget-container\">\n\t\t\t\t\t\t\t\t\t\t\t\t\t\t\t<img decoding=\"async\" width=\"300\" height=\"200\" src=\"https:\/\/evenement.nc\/btssio\/wp-content\/uploads\/2023\/01\/kisspng-renault-clio-campus-car-renault-symbol-renault-clio-sport-5b222c1c359fb1.5650480715289661722197-300x200.png\" class=\"attachment-medium size-medium wp-image-297\" alt=\"\" srcset=\"https:\/\/evenement.nc\/btssio\/wp-content\/uploads\/2023\/01\/kisspng-renault-clio-campus-car-renault-symbol-renault-clio-sport-5b222c1c359fb1.5650480715289661722197-300x200.png 300w, https:\/\/evenement.nc\/btssio\/wp-content\/uploads\/2023\/01\/kisspng-renault-clio-campus-car-renault-symbol-renault-clio-sport-5b222c1c359fb1.5650480715289661722197.png 630w\" sizes=\"(max-width: 300px) 100vw, 300px\" \/>\t\t\t\t\t\t\t\t\t\t\t\t\t\t\t<\/div>\n\t\t\t\t<\/div>\n\t\t\t\t\t<\/div>\n\t\t<\/div>\n\t\t\t\t<div class=\"elementor-column elementor-col-66 elementor-top-column elementor-element elementor-element-fae5cbd animated-slow elementor-invisible\" data-id=\"fae5cbd\" data-element_type=\"column\" data-e-type=\"column\" data-settings=\"{&quot;background_background&quot;:&quot;classic&quot;,&quot;animation&quot;:&quot;slideInRight&quot;,&quot;animation_mobile&quot;:&quot;fadeIn&quot;}\">\n\t\t\t<div class=\"elementor-widget-wrap elementor-element-populated\">\n\t\t\t\t\t\t<div class=\"elementor-element elementor-element-795d7d5 elementor-widget elementor-widget-heading\" data-id=\"795d7d5\" data-element_type=\"widget\" data-e-type=\"widget\" data-settings=\"{&quot;_animation_mobile&quot;:&quot;none&quot;}\" data-widget_type=\"heading.default\">\n\t\t\t\t<div class=\"elementor-widget-container\">\n\t\t\t\t\t<h2 class=\"elementor-heading-title elementor-size-default\">Covoiturage \ud83c\udfce\ufe0f<br><br>\nNous sommes conscients que tout le monde ne dispose pas des moyens n\u00e9cessaires pour se rendre \u00e0 Kiwanis. C'est pourquoi, les personnes qui poss\u00e8dent une voiture pourront offrir un transport aux personnes qui en ont besoin.<\/h2>\t\t\t\t<\/div>\n\t\t\t\t<\/div>\n\t\t\t\t\t<\/div>\n\t\t<\/div>\n\t\t\t\t\t<\/div>\n\t\t<\/section>\n\t\t\t\t<section class=\"elementor-section elementor-top-section elementor-element elementor-element-7839e7b elementor-section-boxed elementor-section-height-default elementor-section-height-default\" data-id=\"7839e7b\" data-element_type=\"section\" data-e-type=\"section\" data-settings=\"{&quot;jet_parallax_layout_list&quot;:[]}\">\n\t\t\t\t\t\t<div class=\"elementor-container elementor-column-gap-default\">\n\t\t\t\t\t<div class=\"elementor-column elementor-col-33 elementor-top-column elementor-element elementor-element-7f8fabe\" data-id=\"7f8fabe\" data-element_type=\"column\" data-e-type=\"column\">\n\t\t\t<div class=\"elementor-widget-wrap elementor-element-populated\">\n\t\t\t\t\t\t<div class=\"elementor-element elementor-element-ff938a4 elementor-widget elementor-widget-image\" data-id=\"ff938a4\" data-element_type=\"widget\" data-e-type=\"widget\" data-widget_type=\"image.default\">\n\t\t\t\t<div class=\"elementor-widget-container\">\n\t\t\t\t\t\t\t\t\t\t\t\t\t\t\t<img loading=\"lazy\" decoding=\"async\" width=\"230\" height=\"300\" src=\"https:\/\/evenement.nc\/btssio\/wp-content\/uploads\/2023\/01\/460px-PEGI_18_annotated_2003-2009.svg-230x300.png\" class=\"elementor-animation-buzz-out attachment-medium size-medium wp-image-298\" alt=\"\" srcset=\"https:\/\/evenement.nc\/btssio\/wp-content\/uploads\/2023\/01\/460px-PEGI_18_annotated_2003-2009.svg-230x300.png 230w, https:\/\/evenement.nc\/btssio\/wp-content\/uploads\/2023\/01\/460px-PEGI_18_annotated_2003-2009.svg.png 460w\" sizes=\"(max-width: 230px) 100vw, 230px\" \/>\t\t\t\t\t\t\t\t\t\t\t\t\t\t\t<\/div>\n\t\t\t\t<\/div>\n\t\t\t\t\t<\/div>\n\t\t<\/div>\n\t\t\t\t<div class=\"elementor-column elementor-col-66 elementor-top-column elementor-element elementor-element-0ed7b74 animated-slow elementor-invisible\" data-id=\"0ed7b74\" data-element_type=\"column\" data-e-type=\"column\" data-settings=\"{&quot;background_background&quot;:&quot;classic&quot;,&quot;animation&quot;:&quot;slideInRight&quot;,&quot;animation_mobile&quot;:&quot;fadeIn&quot;}\">\n\t\t\t<div class=\"elementor-widget-wrap elementor-element-populated\">\n\t\t\t\t\t\t<div class=\"elementor-element elementor-element-850cbbe elementor-widget elementor-widget-heading\" data-id=\"850cbbe\" data-element_type=\"widget\" data-e-type=\"widget\" data-widget_type=\"heading.default\">\n\t\t\t\t<div class=\"elementor-widget-container\">\n\t\t\t\t\t<h2 class=\"elementor-heading-title elementor-size-default\">Les \u00e9tudiants mineur \ud83d\udd1e<br><br>\nAfin de garantir votre s\u00e9curit\u00e9 lors de votre sortie, nous vous demandons de pr\u00e9senter une autorisation de sortie sign\u00e9e par vos parents ou tuteurs l\u00e9gaux.<\/h2>\t\t\t\t<\/div>\n\t\t\t\t<\/div>\n\t\t\t\t\t<\/div>\n\t\t<\/div>\n\t\t\t\t\t<\/div>\n\t\t<\/section>\n\t\t\t\t<\/div>\n\t\t","protected":false},"excerpt":{"rendered":"<p>Bienvenue INTEGRATION BTS SIO 2023 Journ\u00e9e d&rsquo;int\u00e9gration samedi 15 Avril 2023 de 8h \u00e0 16h au Centre Kiwanis de la Ouenghi Bienvenue INTEGRATION BTS SIO 2024 Journ\u00e9e d&rsquo;int\u00e9gration samedi 15 Avril 2023 de 8h \u00e0 16h au Centre Kiwanis de la Ouenghi body { text-align: center; font-family: roboto; } h1 { color: white; font-size: 3em; [&hellip;]<\/p>\n","protected":false},"author":1,"featured_media":0,"parent":0,"menu_order":0,"comment_status":"closed","ping_status":"closed","template":"","meta":{"footnotes":""},"class_list":["post-11","page","type-page","status-publish","hentry"],"_links":{"self":[{"href":"https:\/\/evenement.nc\/btssio\/index.php\/wp-json\/wp\/v2\/pages\/11","targetHints":{"allow":["GET"]}}],"collection":[{"href":"https:\/\/evenement.nc\/btssio\/index.php\/wp-json\/wp\/v2\/pages"}],"about":[{"href":"https:\/\/evenement.nc\/btssio\/index.php\/wp-json\/wp\/v2\/types\/page"}],"author":[{"embeddable":true,"href":"https:\/\/evenement.nc\/btssio\/index.php\/wp-json\/wp\/v2\/users\/1"}],"replies":[{"embeddable":true,"href":"https:\/\/evenement.nc\/btssio\/index.php\/wp-json\/wp\/v2\/comments?post=11"}],"version-history":[{"count":601,"href":"https:\/\/evenement.nc\/btssio\/index.php\/wp-json\/wp\/v2\/pages\/11\/revisions"}],"predecessor-version":[{"id":786,"href":"https:\/\/evenement.nc\/btssio\/index.php\/wp-json\/wp\/v2\/pages\/11\/revisions\/786"}],"wp:attachment":[{"href":"https:\/\/evenement.nc\/btssio\/index.php\/wp-json\/wp\/v2\/media?parent=11"}],"curies":[{"name":"wp","href":"https:\/\/api.w.org\/{rel}","templated":true}]}}